{"id":1517,"date":"2022-03-18T09:03:41","date_gmt":"2022-03-18T08:03:41","guid":{"rendered":"https:\/\/www.orthopaede-roemer.de\/services\/"},"modified":"2022-03-18T09:08:28","modified_gmt":"2022-03-18T08:08:28","slug":"services","status":"publish","type":"page","link":"https:\/\/www.orthopaede-roemer.de\/en\/services\/","title":{"rendered":"Services"},"content":{"rendered":"\t\t<div data-elementor-type=\"wp-page\" data-elementor-id=\"1517\" class=\"elementor elementor-1517 elementor-219\" data-elementor-post-type=\"page\">\n\t\t\t\t\t\t<section class=\"elementor-section elementor-top-section elementor-element elementor-element-4acc94e4 elementor-section-boxed elementor-section-height-default elementor-section-height-default\" data-id=\"4acc94e4\" data-element_type=\"section\" data-e-type=\"section\">\n\t\t\t\t\t\t<div class=\"elementor-container elementor-column-gap-default\">\n\t\t\t\t\t<div class=\"elementor-column elementor-col-33 elementor-top-column elementor-element elementor-element-2eacaf96\" data-id=\"2eacaf96\" data-element_type=\"column\" data-e-type=\"column\">\n\t\t\t<div class=\"elementor-widget-wrap elementor-element-populated\">\n\t\t\t\t\t\t\t<\/div>\n\t\t<\/div>\n\t\t\t\t<div class=\"elementor-column elementor-col-66 elementor-top-column elementor-element elementor-element-3899691b\" data-id=\"3899691b\" data-element_type=\"column\" data-e-type=\"column\">\n\t\t\t<div class=\"elementor-widget-wrap elementor-element-populated\">\n\t\t\t\t\t\t<div class=\"elementor-element elementor-element-5f011106 elementor-widget elementor-widget-heading\" data-id=\"5f011106\" data-element_type=\"widget\" data-e-type=\"widget\" data-widget_type=\"heading.default\">\n\t\t\t\t<div class=\"elementor-widget-container\">\n\t\t\t\t\t<h2 class=\"elementor-heading-title elementor-size-default\">Services provided by Dr. R\u00f6mer\u2019s practice in Bonn<\/h2>\t\t\t\t<\/div>\n\t\t\t\t<\/div>\n\t\t\t\t<div class=\"elementor-element elementor-element-ef643b0 elementor-widget elementor-widget-text-editor\" data-id=\"ef643b0\" data-element_type=\"widget\" data-e-type=\"widget\" data-widget_type=\"text-editor.default\">\n\t\t\t\t<div class=\"elementor-widget-container\">\n\t\t\t\t\t\t\t\t\t<p class=\"lead\">Dear patient,<\/p><p class=\"lead\">In our practice in Bonn, we offer all\u00a0<a title=\"Treatment procedures for general and special conservative, that is non-operative orthopedics\" href=\"https:\/\/www.orthopaede-roemer.de\/leistungen\/orthopaedische-behandlungen\/\">treatment procedures<\/a>\u00a0for general and specialised\u00a0<strong>conservative\u2014meaning non-operative\u2014orthopaedics.<\/strong><\/p><p class=\"lead\">Furthermore, my colleague and I have undergone training to gain additional qualifications in manual therapy,\u00a0<a title=\"Chiropractic and chirotherapy\" href=\"https:\/\/www.orthopaede-roemer.de\/leistungen\/orthopaedische-behandlungen\/chiropraxis-und-chirotherapie\/\">chiropractic and<\/a><a title=\"Chiropractic and chirotherapy\" href=\"https:\/\/www.orthopaede-roemer.de\/leistungen\/orthopaedische-behandlungen\/chiropraxis-und-chirotherapie\/\"><strong>chirotherapy<\/strong><\/a>. We focus in particular on our\u00a0<strong>sports orthopaedic practice<\/strong>, where we address sports medicine from the orthopaedic point of view, both in terms of\u00a0<a title=\"Orthopaedic sports injuries\" href=\"https:\/\/www.orthopaede-roemer.de\/leistungen\/orthopaedische-krankheiten\/sportverletzungen\/\">sports injuries<\/a>\u00a0and complications related to sports. We are always open for consultations! All\u00a0<a title=\"Sports medicine for all ages\" href=\"https:\/\/www.orthopaede-roemer.de\/leistungen\/orthopaedische-behandlungen\/sportmedizin-fuer-jedes-alter\/\">treatments are offered to both young and old<\/a>. We offer treatment in particular to athletes\u2014<strong>recreational athletes and competitive athletes of all age groups<\/strong>\u2014and take care of these groups with just as much care as we do our\u00a0<strong>professional and competitive athletes,<\/strong>\u00a0as well as the athletes from the\u00a0<strong>Olympic bases<\/strong>\u00a0in Rhineland and Rhineland Palatinate.<\/p><p class=\"lead\">A particular focus area of mine is the\u00a0<strong>post-treatment of accidents<\/strong>\u00a0as well as the post-treatment and outpatient rehabilitation of orthopaedic surgical procedures.<\/p><p class=\"lead\">Once a week, in the afternoon after school, I offer a\u00a0<a title=\"Pediatric sports orthopaedic practice\" href=\"https:\/\/www.orthopaede-roemer.de\/leistungen\/orthopaedische-behandlungen\/kindersport-orthopaedie-roemer\/\"><strong>special paediatric sports orthopaedic consultation session<\/strong><\/a>\u00a0to discuss and treat any problems that children and adolescents have with sports-related musculoskeletal pain.\u00a0<\/p><p class=\"lead\">A major area of the treatment we offer is the treatment of\u00a0<a title=\"Treatment of osteoarthritis of joints\" href=\"https:\/\/www.orthopaede-roemer.de\/leistungen\/orthopaedische-krankheiten\/arthrose\/\"><strong>osteoarthritis of all joints<\/strong><\/a>\u00a0of the human musculoskeletal system, including\u00a0<strong>the latest cartilage protection injection therapies with\u00a0<\/strong><a title=\"Modern treatment with cartilage protection injection therapy with hyaluronic acid\" href=\"https:\/\/www.orthopaede-roemer.de\/leistungen\/orthopaedische-behandlungen\/hyaluronsaeuretherapie\/\"><strong>hyaluronic acid<\/strong><\/a>, whereby we can even inject\u00a0<strong>small joints<\/strong>, in particular the thumb saddle joint and the big toe joint, with the aid of\u00a0<strong>radiation-free digitised ultrasound navigation<\/strong>\u00a0and colour Doppler optimisation.\u00a0<\/p><p class=\"lead\">As part of our\u00a0<strong>spinal therapy<\/strong>, including\u00a0<strong>intervention through minimally invasive injection procedures<\/strong>\u00a0and the\u00a0<strong>treatment of herniated discs<\/strong>, we make every effort to avoid disc surgery.<\/p><p class=\"lead\">I have qualified in Osteology at the DVO and we are therefore also able to provide\u00a0<strong>osteoporosis treatments<\/strong>, for both men and women.\u00a0<\/p><p class=\"lead\">As part of our alternative complementary medical treatments, we perform\u00a0<a title=\"Acupuncture therapy in orthopedic practice in Bonn - Dr. R\u00f6mer\" href=\"https:\/\/www.orthopaede-roemer.de\/leistungen\/orthopaedische-behandlungen\/akupunktur\/\"><strong>acupuncture therapies<\/strong><\/a>\u00a0for the treatment of orthopaedic conditions, as well as other conditions such as\u00a0<a title=\"Acupuncture treatment of tinnitus and headache in the orthopedic practice in Bonn - Dr. R\u00f6mer\" href=\"https:\/\/www.orthopaede-roemer.de\/leistungen\/orthopaedische-krankheiten\/tinnitus-und-kopfschmerzen\/\">tinnitus and headaches<\/a>.\u00a0<\/p><p class=\"lead\">We are approved by all health insurance funds in the acupuncture model projects for the treatment of the spine and of knee-joint complaints. As part of our\u00a0<a title=\"Shock wave therapy by Dr. R\u00f6mer - Orthopaedics in Bonn\" href=\"https:\/\/www.orthopaede-roemer.de\/leistungen\/orthopaedische-behandlungen\/stosswellentherapie\/\"><strong>shock wave therapy<\/strong><\/a>, we treat painful\u00a0<a title=\"Calcified shoulder treatment by Dr. R\u00f6mer - Orthopaedic practice in Bonn\" href=\"https:\/\/www.orthopaede-roemer.de\/leistungen\/orthopaedische-krankheiten\/kalkschulter\/\"><strong>calcified shoulders<\/strong><\/a>\u00a0as well as shoulder stiffness in accordance with the stage reached,\u00a0<a title=\"Treatment of heel spurs an the Orthopaedics Bonn\" href=\"https:\/\/www.orthopaede-roemer.de\/leistungen\/orthopaedische-krankheiten\/fersensporn\/\"><strong>heel spurs<\/strong><\/a>, bursitis on the hip as well as\u00a0<a title=\"Treatment of tennis and golfer elbow - Orthopaedics Bonn\" href=\"https:\/\/www.orthopaede-roemer.de\/leistungen\/orthopaedische-krankheiten\/schmerzhafte-ellenbogen\/\"><strong>tennis elbow<\/strong>\u00a0and<\/a><a title=\"Treatment of tennis and golfer elbow - Orthopaedics Bonn\" href=\"https:\/\/www.orthopaede-roemer.de\/leistungen\/orthopaedische-krankheiten\/schmerzhafte-ellenbogen\/\"><strong>golfer\u2019s elbow<\/strong>,<\/a>\u00a0muscular tension in the musculoskeletal system, tendonitis and other musculoskeletal sports medical conditions and injuries.\u00a0<\/p><p class=\"lead\">We have our own\u00a0<strong>physical-medical therapy unit<\/strong>\u00a0with extension couch and heat application, electrotherapy and magnetic field therapy, which are used in cases of joint wear (arthritis) and pain. The practice has\u00a0<strong>digitised X-ray facilities<\/strong>\u00a0with a CD-ROM archive, which not only optimises the archiving of images but is also beneficial to the speed of treatment of our patients.\u00a0<\/p><p class=\"lead\">For\u00a0<strong>private patients<\/strong>, we can offer\u00a0<a title=\"MRI scanner \/ magnetic resonance tomograph in Bonn - Orthopedic practice Dr. R\u00f6mer\" href=\"https:\/\/www.orthopaede-roemer.de\/leistungen\/orthopdische-diagnostik\/magnetresonanztomographie\/\"><strong>MRI scanning facilities<\/strong><\/a>, which are also in Bad Godesberg and where we can schedule a corresponding MRI of all joints as well as the spine at very short notice. We also have two\u00a0<strong>cutting-edge sonography devices with colour Doppler equipment<\/strong>\u00a0to assess inflammation, wear and mucosal inflammation of the musculoskeletal system. Sonography is also used to diagnose muscle and tendon injuries. The practice has a corresponding dynamic pedography and digital foot pressure measuring plate, which is used to provide insoles, in particular for the provision of special individually-tailored sports insoles.\u00a0<\/p><p class=\"lead\">On the basis of our focus on sports medicine and our degree studies at the\u00a0<strong>German Sport University Cologne<\/strong>, we can also offer\u00a0<strong>advice on technique<\/strong>, technique analysis and training management within the context of our consultation sessions \u2013 for ambitious amateur athletes, as well as for performance and professional athletes.<\/p><p class=\"lead\">The practice also has links to\u00a0<strong>equipment-based training therapy with<\/strong><a title=\"Device-assisted MED-X training for the treatment of herniated discs\" href=\"https:\/\/www.orthopaede-roemer.de\/leistungen\/orthopaedische-behandlungen\/medx-training\/\"><strong>MedX training unit<\/strong><\/a>\u00a0for the treatment of herniated discs, articular arthrosis of the small vertebral joints, spinal column loosening and instabilities by strengthening the spine.<\/p><p class=\"lead\">In special cases, we are able to carry out\u00a0<strong>special orthopaedic osteological laboratory tests<\/strong>, and we are also a model practice for the treatment of clinical pictures with\u00a0<a title=\"Neurostimulation according to Professor Molsberger (NSM)\" href=\"https:\/\/www.orthopaede-roemer.de\/leistungen\/orthopaedische-behandlungen\/neurostimulation\/\">neurostimulation<\/a>\u00a0according to Professor Molsberger (NSM).<\/p><p class=\"lead\">We are responsible for this wide range of services:<\/p><p class=\"lead\">Dr. Stephan\u00a0Dresbach (left) and Dr. J\u00fcrgen R\u00f6mer (right)<\/p>\t\t\t\t\t\t\t\t<\/div>\n\t\t\t\t<\/div>\n\t\t\t\t<div class=\"elementor-element elementor-element-7eecb80 elementor-widget elementor-widget-image\" data-id=\"7eecb80\" data-element_type=\"widget\" data-e-type=\"widget\" data-widget_type=\"image.default\">\n\t\t\t\t<div class=\"elementor-widget-container\">\n\t\t\t\t\t\t\t\t\t\t\t\t\t\t\t<img fetchpriority=\"high\" decoding=\"async\" width=\"575\" height=\"340\" src=\"https:\/\/www.orthopaede-roemer.de\/wp-content\/uploads\/2022\/02\/Orthopaeden-in-Bonn-Dr-Roemer-und-Herr-Dresbach.jpg\" class=\"attachment-large size-large wp-image-753\" alt=\"\" srcset=\"https:\/\/www.orthopaede-roemer.de\/wp-content\/uploads\/2022\/02\/Orthopaeden-in-Bonn-Dr-Roemer-und-Herr-Dresbach.jpg 575w, https:\/\/www.orthopaede-roemer.de\/wp-content\/uploads\/2022\/02\/Orthopaeden-in-Bonn-Dr-Roemer-und-Herr-Dresbach-300x177.jpg 300w\" sizes=\"(max-width: 575px) 100vw, 575px\" \/>\t\t\t\t\t\t\t\t\t\t\t\t\t\t\t<\/div>\n\t\t\t\t<\/div>\n\t\t\t\t\t<\/div>\n\t\t<\/div>\n\t\t\t\t\t<\/div>\n\t\t<\/section>\n\t\t\t\t<\/div>\n\t\t","protected":false},"excerpt":{"rendered":"<p>Services provided by Dr. R\u00f6mer\u2019s practice in Bonn Dear patient, In our practice in Bonn, we offer all\u00a0treatment procedures\u00a0for general and specialised\u00a0conservative\u2014meaning non-operative\u2014orthopaedics. Furthermore, my colleague and I have undergone training to gain additional qualifications in manual therapy,\u00a0chiropractic andchirotherapy. We focus in particular on our\u00a0sports orthopaedic practice, where we address sports medicine from the orthopaedic [&hellip;]<\/p>\n","protected":false},"author":1,"featured_media":0,"parent":0,"menu_order":0,"comment_status":"closed","ping_status":"closed","template":"","meta":{"inline_featured_image":false,"footnotes":""},"class_list":["post-1517","page","type-page","status-publish","hentry"],"yoast_head":"<!-- This site is optimized with the Yoast SEO plugin v27.3 - https:\/\/yoast.com\/product\/yoast-seo-wordpress\/ -->\n<title>Services - Dr. R\u00f6mer Orthop\u00e4de - Diplom-Sportlehrer in Bonn<\/title>\n<meta name=\"robots\" content=\"index, follow, max-snippet:-1, max-image-preview:large, max-video-preview:-1\" \/>\n<link rel=\"canonical\" href=\"https:\/\/www.orthopaede-roemer.de\/en\/services\/\" \/>\n<meta property=\"og:locale\" content=\"en_US\" \/>\n<meta property=\"og:type\" content=\"article\" \/>\n<meta property=\"og:title\" content=\"Services - Dr. R\u00f6mer Orthop\u00e4de - Diplom-Sportlehrer in Bonn\" \/>\n<meta property=\"og:description\" content=\"Services provided by Dr. R\u00f6mer\u2019s practice in Bonn Dear patient, In our practice in Bonn, we offer all\u00a0treatment procedures\u00a0for general and specialised\u00a0conservative\u2014meaning non-operative\u2014orthopaedics. Furthermore, my colleague and I have undergone training to gain additional qualifications in manual therapy,\u00a0chiropractic andchirotherapy. We focus in particular on our\u00a0sports orthopaedic practice, where we address sports medicine from the orthopaedic [&hellip;]\" \/>\n<meta property=\"og:url\" content=\"https:\/\/www.orthopaede-roemer.de\/en\/services\/\" \/>\n<meta property=\"og:site_name\" content=\"Dr. R\u00f6mer Orthop\u00e4de - Diplom-Sportlehrer in Bonn\" \/>\n<meta property=\"article:modified_time\" content=\"2022-03-18T08:08:28+00:00\" \/>\n<meta property=\"og:image\" content=\"https:\/\/www.orthopaede-roemer.de\/wp-content\/uploads\/2022\/02\/Orthopaeden-in-Bonn-Dr-Roemer-und-Herr-Dresbach.jpg\" \/>\n<meta name=\"twitter:card\" content=\"summary_large_image\" \/>\n<meta name=\"twitter:label1\" content=\"Est. reading time\" \/>\n\t<meta name=\"twitter:data1\" content=\"4 minutes\" \/>\n<script type=\"application\/ld+json\" class=\"yoast-schema-graph\">{\"@context\":\"https:\\\/\\\/schema.org\",\"@graph\":[{\"@type\":\"WebPage\",\"@id\":\"https:\\\/\\\/www.orthopaede-roemer.de\\\/en\\\/services\\\/\",\"url\":\"https:\\\/\\\/www.orthopaede-roemer.de\\\/en\\\/services\\\/\",\"name\":\"Services - Dr. R\u00f6mer Orthop\u00e4de - Diplom-Sportlehrer in Bonn\",\"isPartOf\":{\"@id\":\"https:\\\/\\\/www.orthopaede-roemer.de\\\/#website\"},\"primaryImageOfPage\":{\"@id\":\"https:\\\/\\\/www.orthopaede-roemer.de\\\/en\\\/services\\\/#primaryimage\"},\"image\":{\"@id\":\"https:\\\/\\\/www.orthopaede-roemer.de\\\/en\\\/services\\\/#primaryimage\"},\"thumbnailUrl\":\"https:\\\/\\\/www.orthopaede-roemer.de\\\/wp-content\\\/uploads\\\/2022\\\/02\\\/Orthopaeden-in-Bonn-Dr-Roemer-und-Herr-Dresbach.jpg\",\"datePublished\":\"2022-03-18T08:03:41+00:00\",\"dateModified\":\"2022-03-18T08:08:28+00:00\",\"breadcrumb\":{\"@id\":\"https:\\\/\\\/www.orthopaede-roemer.de\\\/en\\\/services\\\/#breadcrumb\"},\"inLanguage\":\"en-US\",\"potentialAction\":[{\"@type\":\"ReadAction\",\"target\":[\"https:\\\/\\\/www.orthopaede-roemer.de\\\/en\\\/services\\\/\"]}]},{\"@type\":\"ImageObject\",\"inLanguage\":\"en-US\",\"@id\":\"https:\\\/\\\/www.orthopaede-roemer.de\\\/en\\\/services\\\/#primaryimage\",\"url\":\"https:\\\/\\\/www.orthopaede-roemer.de\\\/wp-content\\\/uploads\\\/2022\\\/02\\\/Orthopaeden-in-Bonn-Dr-Roemer-und-Herr-Dresbach.jpg\",\"contentUrl\":\"https:\\\/\\\/www.orthopaede-roemer.de\\\/wp-content\\\/uploads\\\/2022\\\/02\\\/Orthopaeden-in-Bonn-Dr-Roemer-und-Herr-Dresbach.jpg\"},{\"@type\":\"BreadcrumbList\",\"@id\":\"https:\\\/\\\/www.orthopaede-roemer.de\\\/en\\\/services\\\/#breadcrumb\",\"itemListElement\":[{\"@type\":\"ListItem\",\"position\":1,\"name\":\"\",\"item\":\"https:\\\/\\\/www.orthopaede-roemer.de\\\/en\\\/\"},{\"@type\":\"ListItem\",\"position\":2,\"name\":\"Services\"}]},{\"@type\":\"WebSite\",\"@id\":\"https:\\\/\\\/www.orthopaede-roemer.de\\\/#website\",\"url\":\"https:\\\/\\\/www.orthopaede-roemer.de\\\/\",\"name\":\"Dr. R\u00f6mer Orthop\u00e4de - Diplom-Sportlehrer in Bonn\",\"description\":\"\",\"publisher\":{\"@id\":\"https:\\\/\\\/www.orthopaede-roemer.de\\\/#organization\"},\"potentialAction\":[{\"@type\":\"SearchAction\",\"target\":{\"@type\":\"EntryPoint\",\"urlTemplate\":\"https:\\\/\\\/www.orthopaede-roemer.de\\\/?s={search_term_string}\"},\"query-input\":{\"@type\":\"PropertyValueSpecification\",\"valueRequired\":true,\"valueName\":\"search_term_string\"}}],\"inLanguage\":\"en-US\"},{\"@type\":\"Organization\",\"@id\":\"https:\\\/\\\/www.orthopaede-roemer.de\\\/#organization\",\"name\":\"Dr. R\u00f6mer Orthop\u00e4de - Diplom-Sportlehrer in Bonn\",\"url\":\"https:\\\/\\\/www.orthopaede-roemer.de\\\/\",\"logo\":{\"@type\":\"ImageObject\",\"inLanguage\":\"en-US\",\"@id\":\"https:\\\/\\\/www.orthopaede-roemer.de\\\/#\\\/schema\\\/logo\\\/image\\\/\",\"url\":\"https:\\\/\\\/www.orthopaede-roemer.de\\\/wp-content\\\/uploads\\\/2022\\\/02\\\/300-logo-dr-roemer.svg\",\"contentUrl\":\"https:\\\/\\\/www.orthopaede-roemer.de\\\/wp-content\\\/uploads\\\/2022\\\/02\\\/300-logo-dr-roemer.svg\",\"caption\":\"Dr. R\u00f6mer Orthop\u00e4de - Diplom-Sportlehrer in Bonn\"},\"image\":{\"@id\":\"https:\\\/\\\/www.orthopaede-roemer.de\\\/#\\\/schema\\\/logo\\\/image\\\/\"}}]}<\/script>\n<!-- \/ Yoast SEO plugin. -->","yoast_head_json":{"title":"Services - Dr. R\u00f6mer Orthop\u00e4de - Diplom-Sportlehrer in Bonn","robots":{"index":"index","follow":"follow","max-snippet":"max-snippet:-1","max-image-preview":"max-image-preview:large","max-video-preview":"max-video-preview:-1"},"canonical":"https:\/\/www.orthopaede-roemer.de\/en\/services\/","og_locale":"en_US","og_type":"article","og_title":"Services - Dr. R\u00f6mer Orthop\u00e4de - Diplom-Sportlehrer in Bonn","og_description":"Services provided by Dr. R\u00f6mer\u2019s practice in Bonn Dear patient, In our practice in Bonn, we offer all\u00a0treatment procedures\u00a0for general and specialised\u00a0conservative\u2014meaning non-operative\u2014orthopaedics. Furthermore, my colleague and I have undergone training to gain additional qualifications in manual therapy,\u00a0chiropractic andchirotherapy. We focus in particular on our\u00a0sports orthopaedic practice, where we address sports medicine from the orthopaedic [&hellip;]","og_url":"https:\/\/www.orthopaede-roemer.de\/en\/services\/","og_site_name":"Dr. R\u00f6mer Orthop\u00e4de - Diplom-Sportlehrer in Bonn","article_modified_time":"2022-03-18T08:08:28+00:00","og_image":[{"url":"https:\/\/www.orthopaede-roemer.de\/wp-content\/uploads\/2022\/02\/Orthopaeden-in-Bonn-Dr-Roemer-und-Herr-Dresbach.jpg","type":"","width":"","height":""}],"twitter_card":"summary_large_image","twitter_misc":{"Est. reading time":"4 minutes"},"schema":{"@context":"https:\/\/schema.org","@graph":[{"@type":"WebPage","@id":"https:\/\/www.orthopaede-roemer.de\/en\/services\/","url":"https:\/\/www.orthopaede-roemer.de\/en\/services\/","name":"Services - Dr. R\u00f6mer Orthop\u00e4de - Diplom-Sportlehrer in Bonn","isPartOf":{"@id":"https:\/\/www.orthopaede-roemer.de\/#website"},"primaryImageOfPage":{"@id":"https:\/\/www.orthopaede-roemer.de\/en\/services\/#primaryimage"},"image":{"@id":"https:\/\/www.orthopaede-roemer.de\/en\/services\/#primaryimage"},"thumbnailUrl":"https:\/\/www.orthopaede-roemer.de\/wp-content\/uploads\/2022\/02\/Orthopaeden-in-Bonn-Dr-Roemer-und-Herr-Dresbach.jpg","datePublished":"2022-03-18T08:03:41+00:00","dateModified":"2022-03-18T08:08:28+00:00","breadcrumb":{"@id":"https:\/\/www.orthopaede-roemer.de\/en\/services\/#breadcrumb"},"inLanguage":"en-US","potentialAction":[{"@type":"ReadAction","target":["https:\/\/www.orthopaede-roemer.de\/en\/services\/"]}]},{"@type":"ImageObject","inLanguage":"en-US","@id":"https:\/\/www.orthopaede-roemer.de\/en\/services\/#primaryimage","url":"https:\/\/www.orthopaede-roemer.de\/wp-content\/uploads\/2022\/02\/Orthopaeden-in-Bonn-Dr-Roemer-und-Herr-Dresbach.jpg","contentUrl":"https:\/\/www.orthopaede-roemer.de\/wp-content\/uploads\/2022\/02\/Orthopaeden-in-Bonn-Dr-Roemer-und-Herr-Dresbach.jpg"},{"@type":"BreadcrumbList","@id":"https:\/\/www.orthopaede-roemer.de\/en\/services\/#breadcrumb","itemListElement":[{"@type":"ListItem","position":1,"name":"","item":"https:\/\/www.orthopaede-roemer.de\/en\/"},{"@type":"ListItem","position":2,"name":"Services"}]},{"@type":"WebSite","@id":"https:\/\/www.orthopaede-roemer.de\/#website","url":"https:\/\/www.orthopaede-roemer.de\/","name":"Dr. R\u00f6mer Orthop\u00e4de - Diplom-Sportlehrer in Bonn","description":"","publisher":{"@id":"https:\/\/www.orthopaede-roemer.de\/#organization"},"potentialAction":[{"@type":"SearchAction","target":{"@type":"EntryPoint","urlTemplate":"https:\/\/www.orthopaede-roemer.de\/?s={search_term_string}"},"query-input":{"@type":"PropertyValueSpecification","valueRequired":true,"valueName":"search_term_string"}}],"inLanguage":"en-US"},{"@type":"Organization","@id":"https:\/\/www.orthopaede-roemer.de\/#organization","name":"Dr. R\u00f6mer Orthop\u00e4de - Diplom-Sportlehrer in Bonn","url":"https:\/\/www.orthopaede-roemer.de\/","logo":{"@type":"ImageObject","inLanguage":"en-US","@id":"https:\/\/www.orthopaede-roemer.de\/#\/schema\/logo\/image\/","url":"https:\/\/www.orthopaede-roemer.de\/wp-content\/uploads\/2022\/02\/300-logo-dr-roemer.svg","contentUrl":"https:\/\/www.orthopaede-roemer.de\/wp-content\/uploads\/2022\/02\/300-logo-dr-roemer.svg","caption":"Dr. R\u00f6mer Orthop\u00e4de - Diplom-Sportlehrer in Bonn"},"image":{"@id":"https:\/\/www.orthopaede-roemer.de\/#\/schema\/logo\/image\/"}}]}},"_links":{"self":[{"href":"https:\/\/www.orthopaede-roemer.de\/en\/wp-json\/wp\/v2\/pages\/1517","targetHints":{"allow":["GET"]}}],"collection":[{"href":"https:\/\/www.orthopaede-roemer.de\/en\/wp-json\/wp\/v2\/pages"}],"about":[{"href":"https:\/\/www.orthopaede-roemer.de\/en\/wp-json\/wp\/v2\/types\/page"}],"author":[{"embeddable":true,"href":"https:\/\/www.orthopaede-roemer.de\/en\/wp-json\/wp\/v2\/users\/1"}],"replies":[{"embeddable":true,"href":"https:\/\/www.orthopaede-roemer.de\/en\/wp-json\/wp\/v2\/comments?post=1517"}],"version-history":[{"count":10,"href":"https:\/\/www.orthopaede-roemer.de\/en\/wp-json\/wp\/v2\/pages\/1517\/revisions"}],"predecessor-version":[{"id":1527,"href":"https:\/\/www.orthopaede-roemer.de\/en\/wp-json\/wp\/v2\/pages\/1517\/revisions\/1527"}],"wp:attachment":[{"href":"https:\/\/www.orthopaede-roemer.de\/en\/wp-json\/wp\/v2\/media?parent=1517"}],"curies":[{"name":"wp","href":"https:\/\/api.w.org\/{rel}","templated":true}]}}