{"id":1557,"date":"2022-03-18T09:55:23","date_gmt":"2022-03-18T08:55:23","guid":{"rendered":"https:\/\/www.orthopaede-roemer.de\/doctors-office\/"},"modified":"2022-03-18T09:57:11","modified_gmt":"2022-03-18T08:57:11","slug":"doctors-office","status":"publish","type":"page","link":"https:\/\/www.orthopaede-roemer.de\/en\/doctors-office\/","title":{"rendered":"Doctor&#8217;s Office"},"content":{"rendered":"\t\t<div data-elementor-type=\"wp-page\" data-elementor-id=\"1557\" class=\"elementor elementor-1557 elementor-253\" data-elementor-post-type=\"page\">\n\t\t\t\t\t\t<section class=\"elementor-section elementor-top-section elementor-element elementor-element-f6ac4b1 elementor-section-boxed elementor-section-height-default elementor-section-height-default\" data-id=\"f6ac4b1\" data-element_type=\"section\" data-e-type=\"section\">\n\t\t\t\t\t\t<div class=\"elementor-container elementor-column-gap-no\">\n\t\t\t\t\t<div class=\"elementor-column elementor-col-100 elementor-top-column elementor-element elementor-element-cb37afd\" data-id=\"cb37afd\" data-element_type=\"column\" data-e-type=\"column\">\n\t\t\t<div class=\"elementor-widget-wrap elementor-element-populated\">\n\t\t\t\t\t\t<div class=\"elementor-element elementor-element-ccc7353 elementor-widget elementor-widget-heading\" data-id=\"ccc7353\" data-element_type=\"widget\" data-e-type=\"widget\" data-widget_type=\"heading.default\">\n\t\t\t\t<div class=\"elementor-widget-container\">\n\t\t\t\t\t<h2 class=\"elementor-heading-title elementor-size-default\">Our doctor\u2019s office for conservative orthopaedics and sports medicine in Bonn<\/h2>\t\t\t\t<\/div>\n\t\t\t\t<\/div>\n\t\t\t\t<div class=\"elementor-element elementor-element-101eca8 elementor-widget elementor-widget-text-editor\" data-id=\"101eca8\" data-element_type=\"widget\" data-e-type=\"widget\" data-widget_type=\"text-editor.default\">\n\t\t\t\t<div class=\"elementor-widget-container\">\n\t\t\t\t\t\t\t\t\t<p>When you enter our practice, you will immediately see on the left our reception and reception area, where we kindly ask you to register so that we can make your stay in our practice as well-organised and enjoyable as possible, as well as ensuring that the visit doesn\u2019t take up too much of your time. Within the practice, you will see everywhere our red and blue practice colors. We have a waiting room where we hope you will feel comfortable. The practice is arranged over two floors. We have a total of three treatment rooms and three rooms for\u00a0<a title=\"Behandlung Akupunktur\" href=\"https:\/\/www.orthopaede-roemer.de\/leistungen\/orthopaedische-behandlungen\/akupunktur\/\">acupuncture<\/a>\u00a0and different kinds of physical therapy. We also have digital X-ray equipment, which is located on the first floor. Our three treatment rooms have two cutting-edge digital ultrasound units with colour Doppler equipment. In treatment room 2, we also have a\u00a0<a title=\"Stosswellenger\u00e4t f\u00fcr Sto\u00dfwellentherapie\" href=\"https:\/\/www.orthopaede-roemer.de\/leistungen\/orthopaedische-behandlungen\/stosswellentherapie\/\">shock wave device<\/a>\u00a0with radial shockwave, focused shockwave and impulse shock wave treatment units. Here, pathologies such as\u00a0<a title=\"Orthop\u00e4dische Krankheit Fersensporn\" href=\"https:\/\/www.orthopaede-roemer.de\/leistungen\/orthopaedische-krankheiten\/fersensporn\/\">heel spur, calcified shoulder, tennis elbow<\/a>\u00a0and golfer\u2019s elbow are treated, as are Achilles tendonitis, muscular tension and myogelosis in the spine. We also use shock wave treatment for spinal conditions, in particular spinal disc-related muscle tension and pain. Our treatment room 3 is slightly smaller and is used, among other things, to care for patients with tape bandages, plaster casts, cutting-edge sports medical plastic and baycast bandages and immobilisations, as well as treatment with\u00a0<a title=\"Neurostimulation nach Prof. Molsberger (NSM)\" href=\"https:\/\/www.orthopaede-roemer.de\/leistungen\/orthopaedische-behandlungen\/neurostimulation\/\">neurostimulation<\/a>\u00a0according to Prof. Molsberger (NSM).<\/p>\t\t\t\t\t\t\t\t<\/div>\n\t\t\t\t<\/div>\n\t\t\t\t<div class=\"elementor-element elementor-element-462156f elementor--h-position-center elementor--v-position-middle elementor-arrows-position-inside elementor-widget elementor-widget-slides\" data-id=\"462156f\" data-element_type=\"widget\" data-e-type=\"widget\" data-settings=\"{&quot;navigation&quot;:&quot;arrows&quot;,&quot;transition_speed&quot;:2000,&quot;autoplay&quot;:&quot;yes&quot;,&quot;pause_on_hover&quot;:&quot;yes&quot;,&quot;pause_on_interaction&quot;:&quot;yes&quot;,&quot;autoplay_speed&quot;:5000,&quot;infinite&quot;:&quot;yes&quot;,&quot;transition&quot;:&quot;slide&quot;}\" data-widget_type=\"slides.default\">\n\t\t\t\t<div class=\"elementor-widget-container\">\n\t\t\t\t\t\t\t\t\t<div class=\"elementor-swiper\">\n\t\t\t\t\t<div class=\"elementor-slides-wrapper elementor-main-swiper swiper\" role=\"region\" aria-roledescription=\"carousel\" aria-label=\"Slides\" dir=\"ltr\" data-animation=\"fadeInUp\">\n\t\t\t\t<div class=\"swiper-wrapper elementor-slides\">\n\t\t\t\t\t\t\t\t\t\t<div class=\"elementor-repeater-item-44a3dd1 swiper-slide\" role=\"group\" aria-roledescription=\"slide\"><div class=\"swiper-slide-bg\" role=\"img\" aria-label=\"Orthopaedische-Praxis-in-Bonn-Dr-Roemer\"><\/div><div class=\"swiper-slide-inner\" ><div class=\"swiper-slide-contents\"><\/div><\/div><\/div><div class=\"elementor-repeater-item-7d5872b swiper-slide\" role=\"group\" aria-roledescription=\"slide\"><div class=\"swiper-slide-bg\" role=\"img\" aria-label=\"Orthopaedische-Praxis-in-Bonn-Flur\"><\/div><div class=\"swiper-slide-inner\" ><div class=\"swiper-slide-contents\"><\/div><\/div><\/div><div class=\"elementor-repeater-item-ab3b915 swiper-slide\" role=\"group\" aria-roledescription=\"slide\"><div class=\"swiper-slide-bg\" role=\"img\" aria-label=\"Orthopaedische-Praxis-in-Bonn-Flur2\"><\/div><div class=\"swiper-slide-inner\" ><div class=\"swiper-slide-contents\"><\/div><\/div><\/div><div class=\"elementor-repeater-item-17b1561 swiper-slide\" role=\"group\" aria-roledescription=\"slide\"><div class=\"swiper-slide-bg\" role=\"img\" aria-label=\"Orthopaedische-Praxis-in-Bonn-Behandlungsraum\"><\/div><div class=\"swiper-slide-inner\" ><div class=\"swiper-slide-contents\"><\/div><\/div><\/div>\t\t\t\t<\/div>\n\t\t\t\t\t\t\t\t\t\t\t\t\t\t\t<div class=\"elementor-swiper-button elementor-swiper-button-prev\" role=\"button\" tabindex=\"0\" aria-label=\"Previous slide\">\n\t\t\t\t\t\t\t<i aria-hidden=\"true\" class=\"eicon-chevron-left\"><\/i>\t\t\t\t\t\t<\/div>\n\t\t\t\t\t\t<div class=\"elementor-swiper-button elementor-swiper-button-next\" role=\"button\" tabindex=\"0\" aria-label=\"Next slide\">\n\t\t\t\t\t\t\t<i aria-hidden=\"true\" class=\"eicon-chevron-right\"><\/i>\t\t\t\t\t\t<\/div>\n\t\t\t\t\t\t\t\t\t\t\t\t\t\t\t\t\t<\/div>\n\t\t\t\t<\/div>\n\t\t\t\t\t\t\t\t<\/div>\n\t\t\t\t<\/div>\n\t\t\t\t<div class=\"elementor-element elementor-element-4b934ff elementor-widget elementor-widget-heading\" data-id=\"4b934ff\" data-element_type=\"widget\" data-e-type=\"widget\" data-widget_type=\"heading.default\">\n\t\t\t\t<div class=\"elementor-widget-container\">\n\t\t\t\t\t<h2 class=\"elementor-heading-title elementor-size-default\">For my patients, a pleasant atmosphere comes first<\/h2>\t\t\t\t<\/div>\n\t\t\t\t<\/div>\n\t\t\t\t<div class=\"elementor-element elementor-element-aeadadc elementor-widget elementor-widget-text-editor\" data-id=\"aeadadc\" data-element_type=\"widget\" data-e-type=\"widget\" data-widget_type=\"text-editor.default\">\n\t\t\t\t<div class=\"elementor-widget-container\">\n\t\t\t\t\t\t\t\t\t<p>In my office, I put great emphasis on making you feel comfortable and at home, because the treatments should take place in an atmosphere which is as relaxed as possible for you. On the second floor, where our\u00a0<a title=\"Akupunktur Behandlung\" href=\"https:\/\/www.orthopaede-roemer.de\/leistungen\/orthopaedische-behandlungen\/akupunktur\/\">acupuncture<\/a>\u00a0treatment rooms are located, we make it a priority to maintain a very calm atmosphere, so that the treatment of various different conditions\u2013such as headache, shoulder-neck pain, back pain, hip pain, Achilles tendon complaints, knee pain and\u00a0<a title=\"Behandlung von Arthrose\" href=\"https:\/\/www.orthopaede-roemer.de\/leistungen\/orthopaedische-krankheiten\/arthrose\/\">osteoarthritis<\/a>\u2014using traditional Chinese medicine and in particular\u00a0<a title=\"Akupunktur Behandlung\" href=\"https:\/\/www.orthopaede-roemer.de\/leistungen\/orthopaedische-behandlungen\/akupunktur\/\">acupuncture<\/a>\u00a0can work to optimal effect.\u00a0<\/p><p>Dr. Stephen Dresbach (left) and Dr. J\u00fcrgen R\u00f6mer (right)<\/p>\t\t\t\t\t\t\t\t<\/div>\n\t\t\t\t<\/div>\n\t\t\t\t<div class=\"elementor-element elementor-element-4d15f32 elementor-widget elementor-widget-image\" data-id=\"4d15f32\" data-element_type=\"widget\" data-e-type=\"widget\" data-widget_type=\"image.default\">\n\t\t\t\t<div class=\"elementor-widget-container\">\n\t\t\t\t\t\t\t\t\t\t\t\t\t\t\t<img fetchpriority=\"high\" decoding=\"async\" width=\"575\" height=\"340\" src=\"https:\/\/www.orthopaede-roemer.de\/wp-content\/uploads\/2022\/03\/Orthopaeden-Bonn-Dr-Roemer-und-Dr-Dresbach.jpg\" class=\"attachment-large size-large wp-image-1311\" alt=\"\" srcset=\"https:\/\/www.orthopaede-roemer.de\/wp-content\/uploads\/2022\/03\/Orthopaeden-Bonn-Dr-Roemer-und-Dr-Dresbach.jpg 575w, https:\/\/www.orthopaede-roemer.de\/wp-content\/uploads\/2022\/03\/Orthopaeden-Bonn-Dr-Roemer-und-Dr-Dresbach-300x177.jpg 300w\" sizes=\"(max-width: 575px) 100vw, 575px\" \/>\t\t\t\t\t\t\t\t\t\t\t\t\t\t\t<\/div>\n\t\t\t\t<\/div>\n\t\t\t\t\t<\/div>\n\t\t<\/div>\n\t\t\t\t\t<\/div>\n\t\t<\/section>\n\t\t\t\t<\/div>\n\t\t","protected":false},"excerpt":{"rendered":"<p>Our doctor\u2019s office for conservative orthopaedics and sports medicine in Bonn When you enter our practice, you will immediately see on the left our reception and reception area, where we kindly ask you to register so that we can make your stay in our practice as well-organised and enjoyable as possible, as well as ensuring [&hellip;]<\/p>\n","protected":false},"author":1,"featured_media":0,"parent":0,"menu_order":0,"comment_status":"closed","ping_status":"closed","template":"","meta":{"inline_featured_image":false,"footnotes":""},"class_list":["post-1557","page","type-page","status-publish","hentry"],"yoast_head":"<!-- This site is optimized with the Yoast SEO plugin v27.3 - https:\/\/yoast.com\/product\/yoast-seo-wordpress\/ -->\n<title>Doctor&#039;s Office - Dr. R\u00f6mer Orthop\u00e4de - Diplom-Sportlehrer in Bonn<\/title>\n<meta name=\"robots\" content=\"index, follow, max-snippet:-1, max-image-preview:large, max-video-preview:-1\" \/>\n<link rel=\"canonical\" href=\"https:\/\/www.orthopaede-roemer.de\/en\/doctors-office\/\" \/>\n<meta property=\"og:locale\" content=\"en_US\" \/>\n<meta property=\"og:type\" content=\"article\" \/>\n<meta property=\"og:title\" content=\"Doctor&#039;s Office - Dr. R\u00f6mer Orthop\u00e4de - Diplom-Sportlehrer in Bonn\" \/>\n<meta property=\"og:description\" content=\"Our doctor\u2019s office for conservative orthopaedics and sports medicine in Bonn When you enter our practice, you will immediately see on the left our reception and reception area, where we kindly ask you to register so that we can make your stay in our practice as well-organised and enjoyable as possible, as well as ensuring [&hellip;]\" \/>\n<meta property=\"og:url\" content=\"https:\/\/www.orthopaede-roemer.de\/en\/doctors-office\/\" \/>\n<meta property=\"og:site_name\" content=\"Dr. R\u00f6mer Orthop\u00e4de - Diplom-Sportlehrer in Bonn\" \/>\n<meta property=\"article:modified_time\" content=\"2022-03-18T08:57:11+00:00\" \/>\n<meta property=\"og:image\" content=\"https:\/\/www.orthopaede-roemer.de\/wp-content\/uploads\/2022\/03\/Orthopaeden-Bonn-Dr-Roemer-und-Dr-Dresbach.jpg\" \/>\n<meta name=\"twitter:card\" content=\"summary_large_image\" \/>\n<meta name=\"twitter:label1\" content=\"Est. reading time\" \/>\n\t<meta name=\"twitter:data1\" content=\"2 minutes\" \/>\n<script type=\"application\/ld+json\" class=\"yoast-schema-graph\">{\"@context\":\"https:\\\/\\\/schema.org\",\"@graph\":[{\"@type\":\"WebPage\",\"@id\":\"https:\\\/\\\/www.orthopaede-roemer.de\\\/en\\\/doctors-office\\\/\",\"url\":\"https:\\\/\\\/www.orthopaede-roemer.de\\\/en\\\/doctors-office\\\/\",\"name\":\"Doctor's Office - Dr. R\u00f6mer Orthop\u00e4de - Diplom-Sportlehrer in Bonn\",\"isPartOf\":{\"@id\":\"https:\\\/\\\/www.orthopaede-roemer.de\\\/#website\"},\"primaryImageOfPage\":{\"@id\":\"https:\\\/\\\/www.orthopaede-roemer.de\\\/en\\\/doctors-office\\\/#primaryimage\"},\"image\":{\"@id\":\"https:\\\/\\\/www.orthopaede-roemer.de\\\/en\\\/doctors-office\\\/#primaryimage\"},\"thumbnailUrl\":\"https:\\\/\\\/www.orthopaede-roemer.de\\\/wp-content\\\/uploads\\\/2022\\\/03\\\/Orthopaeden-Bonn-Dr-Roemer-und-Dr-Dresbach.jpg\",\"datePublished\":\"2022-03-18T08:55:23+00:00\",\"dateModified\":\"2022-03-18T08:57:11+00:00\",\"breadcrumb\":{\"@id\":\"https:\\\/\\\/www.orthopaede-roemer.de\\\/en\\\/doctors-office\\\/#breadcrumb\"},\"inLanguage\":\"en-US\",\"potentialAction\":[{\"@type\":\"ReadAction\",\"target\":[\"https:\\\/\\\/www.orthopaede-roemer.de\\\/en\\\/doctors-office\\\/\"]}]},{\"@type\":\"ImageObject\",\"inLanguage\":\"en-US\",\"@id\":\"https:\\\/\\\/www.orthopaede-roemer.de\\\/en\\\/doctors-office\\\/#primaryimage\",\"url\":\"https:\\\/\\\/www.orthopaede-roemer.de\\\/wp-content\\\/uploads\\\/2022\\\/03\\\/Orthopaeden-Bonn-Dr-Roemer-und-Dr-Dresbach.jpg\",\"contentUrl\":\"https:\\\/\\\/www.orthopaede-roemer.de\\\/wp-content\\\/uploads\\\/2022\\\/03\\\/Orthopaeden-Bonn-Dr-Roemer-und-Dr-Dresbach.jpg\"},{\"@type\":\"BreadcrumbList\",\"@id\":\"https:\\\/\\\/www.orthopaede-roemer.de\\\/en\\\/doctors-office\\\/#breadcrumb\",\"itemListElement\":[{\"@type\":\"ListItem\",\"position\":1,\"name\":\"\",\"item\":\"https:\\\/\\\/www.orthopaede-roemer.de\\\/en\\\/\"},{\"@type\":\"ListItem\",\"position\":2,\"name\":\"Doctor&#8217;s Office\"}]},{\"@type\":\"WebSite\",\"@id\":\"https:\\\/\\\/www.orthopaede-roemer.de\\\/#website\",\"url\":\"https:\\\/\\\/www.orthopaede-roemer.de\\\/\",\"name\":\"Dr. R\u00f6mer Orthop\u00e4de - Diplom-Sportlehrer in Bonn\",\"description\":\"\",\"publisher\":{\"@id\":\"https:\\\/\\\/www.orthopaede-roemer.de\\\/#organization\"},\"potentialAction\":[{\"@type\":\"SearchAction\",\"target\":{\"@type\":\"EntryPoint\",\"urlTemplate\":\"https:\\\/\\\/www.orthopaede-roemer.de\\\/?s={search_term_string}\"},\"query-input\":{\"@type\":\"PropertyValueSpecification\",\"valueRequired\":true,\"valueName\":\"search_term_string\"}}],\"inLanguage\":\"en-US\"},{\"@type\":\"Organization\",\"@id\":\"https:\\\/\\\/www.orthopaede-roemer.de\\\/#organization\",\"name\":\"Dr. R\u00f6mer Orthop\u00e4de - Diplom-Sportlehrer in Bonn\",\"url\":\"https:\\\/\\\/www.orthopaede-roemer.de\\\/\",\"logo\":{\"@type\":\"ImageObject\",\"inLanguage\":\"en-US\",\"@id\":\"https:\\\/\\\/www.orthopaede-roemer.de\\\/#\\\/schema\\\/logo\\\/image\\\/\",\"url\":\"https:\\\/\\\/www.orthopaede-roemer.de\\\/wp-content\\\/uploads\\\/2022\\\/02\\\/300-logo-dr-roemer.svg\",\"contentUrl\":\"https:\\\/\\\/www.orthopaede-roemer.de\\\/wp-content\\\/uploads\\\/2022\\\/02\\\/300-logo-dr-roemer.svg\",\"caption\":\"Dr. R\u00f6mer Orthop\u00e4de - Diplom-Sportlehrer in Bonn\"},\"image\":{\"@id\":\"https:\\\/\\\/www.orthopaede-roemer.de\\\/#\\\/schema\\\/logo\\\/image\\\/\"}}]}<\/script>\n<!-- \/ Yoast SEO plugin. -->","yoast_head_json":{"title":"Doctor's Office - Dr. R\u00f6mer Orthop\u00e4de - Diplom-Sportlehrer in Bonn","robots":{"index":"index","follow":"follow","max-snippet":"max-snippet:-1","max-image-preview":"max-image-preview:large","max-video-preview":"max-video-preview:-1"},"canonical":"https:\/\/www.orthopaede-roemer.de\/en\/doctors-office\/","og_locale":"en_US","og_type":"article","og_title":"Doctor's Office - Dr. R\u00f6mer Orthop\u00e4de - Diplom-Sportlehrer in Bonn","og_description":"Our doctor\u2019s office for conservative orthopaedics and sports medicine in Bonn When you enter our practice, you will immediately see on the left our reception and reception area, where we kindly ask you to register so that we can make your stay in our practice as well-organised and enjoyable as possible, as well as ensuring [&hellip;]","og_url":"https:\/\/www.orthopaede-roemer.de\/en\/doctors-office\/","og_site_name":"Dr. R\u00f6mer Orthop\u00e4de - Diplom-Sportlehrer in Bonn","article_modified_time":"2022-03-18T08:57:11+00:00","og_image":[{"url":"https:\/\/www.orthopaede-roemer.de\/wp-content\/uploads\/2022\/03\/Orthopaeden-Bonn-Dr-Roemer-und-Dr-Dresbach.jpg","type":"","width":"","height":""}],"twitter_card":"summary_large_image","twitter_misc":{"Est. reading time":"2 minutes"},"schema":{"@context":"https:\/\/schema.org","@graph":[{"@type":"WebPage","@id":"https:\/\/www.orthopaede-roemer.de\/en\/doctors-office\/","url":"https:\/\/www.orthopaede-roemer.de\/en\/doctors-office\/","name":"Doctor's Office - Dr. R\u00f6mer Orthop\u00e4de - Diplom-Sportlehrer in Bonn","isPartOf":{"@id":"https:\/\/www.orthopaede-roemer.de\/#website"},"primaryImageOfPage":{"@id":"https:\/\/www.orthopaede-roemer.de\/en\/doctors-office\/#primaryimage"},"image":{"@id":"https:\/\/www.orthopaede-roemer.de\/en\/doctors-office\/#primaryimage"},"thumbnailUrl":"https:\/\/www.orthopaede-roemer.de\/wp-content\/uploads\/2022\/03\/Orthopaeden-Bonn-Dr-Roemer-und-Dr-Dresbach.jpg","datePublished":"2022-03-18T08:55:23+00:00","dateModified":"2022-03-18T08:57:11+00:00","breadcrumb":{"@id":"https:\/\/www.orthopaede-roemer.de\/en\/doctors-office\/#breadcrumb"},"inLanguage":"en-US","potentialAction":[{"@type":"ReadAction","target":["https:\/\/www.orthopaede-roemer.de\/en\/doctors-office\/"]}]},{"@type":"ImageObject","inLanguage":"en-US","@id":"https:\/\/www.orthopaede-roemer.de\/en\/doctors-office\/#primaryimage","url":"https:\/\/www.orthopaede-roemer.de\/wp-content\/uploads\/2022\/03\/Orthopaeden-Bonn-Dr-Roemer-und-Dr-Dresbach.jpg","contentUrl":"https:\/\/www.orthopaede-roemer.de\/wp-content\/uploads\/2022\/03\/Orthopaeden-Bonn-Dr-Roemer-und-Dr-Dresbach.jpg"},{"@type":"BreadcrumbList","@id":"https:\/\/www.orthopaede-roemer.de\/en\/doctors-office\/#breadcrumb","itemListElement":[{"@type":"ListItem","position":1,"name":"","item":"https:\/\/www.orthopaede-roemer.de\/en\/"},{"@type":"ListItem","position":2,"name":"Doctor&#8217;s Office"}]},{"@type":"WebSite","@id":"https:\/\/www.orthopaede-roemer.de\/#website","url":"https:\/\/www.orthopaede-roemer.de\/","name":"Dr. R\u00f6mer Orthop\u00e4de - Diplom-Sportlehrer in Bonn","description":"","publisher":{"@id":"https:\/\/www.orthopaede-roemer.de\/#organization"},"potentialAction":[{"@type":"SearchAction","target":{"@type":"EntryPoint","urlTemplate":"https:\/\/www.orthopaede-roemer.de\/?s={search_term_string}"},"query-input":{"@type":"PropertyValueSpecification","valueRequired":true,"valueName":"search_term_string"}}],"inLanguage":"en-US"},{"@type":"Organization","@id":"https:\/\/www.orthopaede-roemer.de\/#organization","name":"Dr. R\u00f6mer Orthop\u00e4de - Diplom-Sportlehrer in Bonn","url":"https:\/\/www.orthopaede-roemer.de\/","logo":{"@type":"ImageObject","inLanguage":"en-US","@id":"https:\/\/www.orthopaede-roemer.de\/#\/schema\/logo\/image\/","url":"https:\/\/www.orthopaede-roemer.de\/wp-content\/uploads\/2022\/02\/300-logo-dr-roemer.svg","contentUrl":"https:\/\/www.orthopaede-roemer.de\/wp-content\/uploads\/2022\/02\/300-logo-dr-roemer.svg","caption":"Dr. R\u00f6mer Orthop\u00e4de - Diplom-Sportlehrer in Bonn"},"image":{"@id":"https:\/\/www.orthopaede-roemer.de\/#\/schema\/logo\/image\/"}}]}},"_links":{"self":[{"href":"https:\/\/www.orthopaede-roemer.de\/en\/wp-json\/wp\/v2\/pages\/1557","targetHints":{"allow":["GET"]}}],"collection":[{"href":"https:\/\/www.orthopaede-roemer.de\/en\/wp-json\/wp\/v2\/pages"}],"about":[{"href":"https:\/\/www.orthopaede-roemer.de\/en\/wp-json\/wp\/v2\/types\/page"}],"author":[{"embeddable":true,"href":"https:\/\/www.orthopaede-roemer.de\/en\/wp-json\/wp\/v2\/users\/1"}],"replies":[{"embeddable":true,"href":"https:\/\/www.orthopaede-roemer.de\/en\/wp-json\/wp\/v2\/comments?post=1557"}],"version-history":[{"count":4,"href":"https:\/\/www.orthopaede-roemer.de\/en\/wp-json\/wp\/v2\/pages\/1557\/revisions"}],"predecessor-version":[{"id":1561,"href":"https:\/\/www.orthopaede-roemer.de\/en\/wp-json\/wp\/v2\/pages\/1557\/revisions\/1561"}],"wp:attachment":[{"href":"https:\/\/www.orthopaede-roemer.de\/en\/wp-json\/wp\/v2\/media?parent=1557"}],"curies":[{"name":"wp","href":"https:\/\/api.w.org\/{rel}","templated":true}]}}