{"id":1584,"date":"2022-03-18T10:16:27","date_gmt":"2022-03-18T09:16:27","guid":{"rendered":"https:\/\/www.orthopaede-roemer.de\/getting-here\/"},"modified":"2022-03-18T10:22:42","modified_gmt":"2022-03-18T09:22:42","slug":"getting-here","status":"publish","type":"page","link":"https:\/\/www.orthopaede-roemer.de\/en\/getting-here\/","title":{"rendered":"Getting here"},"content":{"rendered":"\t\t<div data-elementor-type=\"wp-page\" data-elementor-id=\"1584\" class=\"elementor elementor-1584 elementor-263\" data-elementor-post-type=\"page\">\n\t\t\t\t\t\t<section class=\"elementor-section elementor-top-section elementor-element elementor-element-8c0a154 elementor-section-boxed elementor-section-height-default elementor-section-height-default\" data-id=\"8c0a154\" data-element_type=\"section\" data-e-type=\"section\">\n\t\t\t\t\t\t<div class=\"elementor-container elementor-column-gap-default\">\n\t\t\t\t\t<div class=\"elementor-column elementor-col-100 elementor-top-column elementor-element elementor-element-d475e04\" data-id=\"d475e04\" data-element_type=\"column\" data-e-type=\"column\">\n\t\t\t<div class=\"elementor-widget-wrap elementor-element-populated\">\n\t\t\t\t\t\t<div class=\"elementor-element elementor-element-be285c6 elementor-widget elementor-widget-heading\" data-id=\"be285c6\" data-element_type=\"widget\" data-e-type=\"widget\" data-widget_type=\"heading.default\">\n\t\t\t\t<div class=\"elementor-widget-container\">\n\t\t\t\t\t<h1 class=\"elementor-heading-title elementor-size-default\">How to get to our orthopaedic practice<\/h1>\t\t\t\t<\/div>\n\t\t\t\t<\/div>\n\t\t\t\t\t<\/div>\n\t\t<\/div>\n\t\t\t\t\t<\/div>\n\t\t<\/section>\n\t\t\t\t<section class=\"elementor-section elementor-top-section elementor-element elementor-element-6c0d039 elementor-section-boxed elementor-section-height-default elementor-section-height-default\" data-id=\"6c0d039\" data-element_type=\"section\" data-e-type=\"section\">\n\t\t\t\t\t\t<div class=\"elementor-container elementor-column-gap-default\">\n\t\t\t\t\t<div class=\"elementor-column elementor-col-100 elementor-top-column elementor-element elementor-element-fd924f7\" data-id=\"fd924f7\" data-element_type=\"column\" data-e-type=\"column\">\n\t\t\t<div class=\"elementor-widget-wrap elementor-element-populated\">\n\t\t\t\t\t\t<div class=\"elementor-element elementor-element-dc03737 elementor-widget elementor-widget-heading\" data-id=\"dc03737\" data-element_type=\"widget\" data-e-type=\"widget\" data-widget_type=\"heading.default\">\n\t\t\t\t<div class=\"elementor-widget-container\">\n\t\t\t\t\t<h1 class=\"elementor-heading-title elementor-size-default\">How to find us<\/h1>\t\t\t\t<\/div>\n\t\t\t\t<\/div>\n\t\t\t\t\t<\/div>\n\t\t<\/div>\n\t\t\t\t\t<\/div>\n\t\t<\/section>\n\t\t\t\t<section class=\"elementor-section elementor-top-section elementor-element elementor-element-428af65 elementor-section-boxed elementor-section-height-default elementor-section-height-default\" data-id=\"428af65\" data-element_type=\"section\" data-e-type=\"section\">\n\t\t\t\t\t\t<div class=\"elementor-container elementor-column-gap-default\">\n\t\t\t\t\t<div class=\"elementor-column elementor-col-50 elementor-top-column elementor-element elementor-element-b7558d7\" data-id=\"b7558d7\" data-element_type=\"column\" data-e-type=\"column\">\n\t\t\t<div class=\"elementor-widget-wrap elementor-element-populated\">\n\t\t\t\t\t\t<div class=\"elementor-element elementor-element-fb959b6 elementor-widget elementor-widget-heading\" data-id=\"fb959b6\" data-element_type=\"widget\" data-e-type=\"widget\" data-widget_type=\"heading.default\">\n\t\t\t\t<div class=\"elementor-widget-container\">\n\t\t\t\t\t<h1 class=\"elementor-heading-title elementor-size-default\">DR R\u00d6MER \u2013 Praxis f\u00fcr Orthop\u00e4die und Sportmedizin<\/h1>\t\t\t\t<\/div>\n\t\t\t\t<\/div>\n\t\t\t\t<div class=\"elementor-element elementor-element-0ad52f6 elementor-widget elementor-widget-text-editor\" data-id=\"0ad52f6\" data-element_type=\"widget\" data-e-type=\"widget\" data-widget_type=\"text-editor.default\">\n\t\t\t\t<div class=\"elementor-widget-container\">\n\t\t\t\t\t\t\t\t\t<p>Die Praxis liegt ebenerdig und barrierefrei im ruhigen Villenviertel von Bonn \u2013 Bad Godesberg.<\/p><p>Dr. med. J\u00fcrgen R\u00f6mer<br>Facharzt f\u00fcr Orthop\u00e4die \u2013 Diplom-Sportlehrer<\/p><p>Karl-Finkelnburg-Stra\u00dfe 19<br>53173 Bonn \u2013 R\u00fcngsdorf<\/p><p>Tel 0228 . 352523<br>Fax 0228 . 3680218<\/p><p><a href=\"mailto:praxis@orthopaede-roemer.de\">praxis@orthopaede-roemer.de<\/a><br><a href=\"http:\/\/www.orthopaede-roemer.de\/\" target=\"_blank\" rel=\"noopener\">www.orthopaede-roemer.de<\/a><\/p>\t\t\t\t\t\t\t\t<\/div>\n\t\t\t\t<\/div>\n\t\t\t\t\t<\/div>\n\t\t<\/div>\n\t\t\t\t<div class=\"elementor-column elementor-col-50 elementor-top-column elementor-element elementor-element-b7f25f1\" data-id=\"b7f25f1\" data-element_type=\"column\" data-e-type=\"column\">\n\t\t\t<div class=\"elementor-widget-wrap elementor-element-populated\">\n\t\t\t\t\t\t<div class=\"elementor-element elementor-element-38d68a4 elementor-widget elementor-widget-image\" data-id=\"38d68a4\" data-element_type=\"widget\" data-e-type=\"widget\" data-widget_type=\"image.default\">\n\t\t\t\t<div class=\"elementor-widget-container\">\n\t\t\t\t\t\t\t\t\t\t\t\t\t\t\t<img decoding=\"async\" width=\"200\" height=\"200\" src=\"https:\/\/www.orthopaede-roemer.de\/wp-content\/uploads\/2022\/03\/dr_roemer_qrcode.jpg\" class=\"attachment-large size-large wp-image-1363\" alt=\"\" srcset=\"https:\/\/www.orthopaede-roemer.de\/wp-content\/uploads\/2022\/03\/dr_roemer_qrcode.jpg 200w, https:\/\/www.orthopaede-roemer.de\/wp-content\/uploads\/2022\/03\/dr_roemer_qrcode-150x150.jpg 150w\" sizes=\"(max-width: 200px) 100vw, 200px\" \/>\t\t\t\t\t\t\t\t\t\t\t\t\t\t\t<\/div>\n\t\t\t\t<\/div>\n\t\t\t\t\t<\/div>\n\t\t<\/div>\n\t\t\t\t\t<\/div>\n\t\t<\/section>\n\t\t\t\t<section class=\"elementor-section elementor-top-section elementor-element elementor-element-c2d4516 elementor-section-boxed elementor-section-height-default elementor-section-height-default\" data-id=\"c2d4516\" data-element_type=\"section\" data-e-type=\"section\">\n\t\t\t\t\t\t<div class=\"elementor-container elementor-column-gap-default\">\n\t\t\t\t\t<div class=\"elementor-column elementor-col-100 elementor-top-column elementor-element elementor-element-2c6922a\" data-id=\"2c6922a\" data-element_type=\"column\" data-e-type=\"column\">\n\t\t\t<div class=\"elementor-widget-wrap elementor-element-populated\">\n\t\t\t\t\t\t<div class=\"elementor-element elementor-element-a75b29c elementor-widget elementor-widget-heading\" data-id=\"a75b29c\" data-element_type=\"widget\" data-e-type=\"widget\" data-widget_type=\"heading.default\">\n\t\t\t\t<div class=\"elementor-widget-container\">\n\t\t\t\t\t<h1 class=\"elementor-heading-title elementor-size-default\">Arriving by car<\/h1>\t\t\t\t<\/div>\n\t\t\t\t<\/div>\n\t\t\t\t<div class=\"elementor-element elementor-element-e0cb509 elementor-widget elementor-widget-text-editor\" data-id=\"e0cb509\" data-element_type=\"widget\" data-e-type=\"widget\" data-widget_type=\"text-editor.default\">\n\t\t\t\t<div class=\"elementor-widget-container\">\n\t\t\t\t\t\t\t\t\t<p>There are parking spaces available directly in front of the practice, free of charge. Our orthopaedic practice is also open at lunchtime.\u00a0<\/p>\t\t\t\t\t\t\t\t<\/div>\n\t\t\t\t<\/div>\n\t\t\t\t<div class=\"elementor-element elementor-element-52dfc45 elementor-widget elementor-widget-image\" data-id=\"52dfc45\" data-element_type=\"widget\" data-e-type=\"widget\" data-widget_type=\"image.default\">\n\t\t\t\t<div class=\"elementor-widget-container\">\n\t\t\t\t\t\t\t\t\t\t\t\t\t\t\t<img fetchpriority=\"high\" decoding=\"async\" width=\"575\" height=\"340\" src=\"https:\/\/www.orthopaede-roemer.de\/wp-content\/uploads\/2022\/03\/Orthopaedische-Praxis-Bonn-Aussenansicht.jpg\" class=\"attachment-large size-large wp-image-1368\" alt=\"\" srcset=\"https:\/\/www.orthopaede-roemer.de\/wp-content\/uploads\/2022\/03\/Orthopaedische-Praxis-Bonn-Aussenansicht.jpg 575w, https:\/\/www.orthopaede-roemer.de\/wp-content\/uploads\/2022\/03\/Orthopaedische-Praxis-Bonn-Aussenansicht-300x177.jpg 300w\" sizes=\"(max-width: 575px) 100vw, 575px\" \/>\t\t\t\t\t\t\t\t\t\t\t\t\t\t\t<\/div>\n\t\t\t\t<\/div>\n\t\t\t\t<div class=\"elementor-element elementor-element-f6e1cff elementor-widget elementor-widget-heading\" data-id=\"f6e1cff\" data-element_type=\"widget\" data-e-type=\"widget\" data-widget_type=\"heading.default\">\n\t\t\t\t<div class=\"elementor-widget-container\">\n\t\t\t\t\t<h1 class=\"elementor-heading-title elementor-size-default\">Arriving by public transport<\/h1>\t\t\t\t<\/div>\n\t\t\t\t<\/div>\n\t\t\t\t<div class=\"elementor-element elementor-element-209b189 elementor-widget elementor-widget-text-editor\" data-id=\"209b189\" data-element_type=\"widget\" data-e-type=\"widget\" data-widget_type=\"text-editor.default\">\n\t\t\t\t<div class=\"elementor-widget-container\">\n\t\t\t\t\t\t\t\t\t<p>Numerous bus and train lines stop nearby<\/p>\t\t\t\t\t\t\t\t<\/div>\n\t\t\t\t<\/div>\n\t\t\t\t\t<\/div>\n\t\t<\/div>\n\t\t\t\t\t<\/div>\n\t\t<\/section>\n\t\t\t\t<section class=\"elementor-section elementor-top-section elementor-element elementor-element-07da1b4 elementor-section-boxed elementor-section-height-default elementor-section-height-default\" data-id=\"07da1b4\" data-element_type=\"section\" data-e-type=\"section\">\n\t\t\t\t\t\t<div class=\"elementor-container elementor-column-gap-default\">\n\t\t\t\t\t<div class=\"elementor-column elementor-col-100 elementor-top-column elementor-element elementor-element-86dc950\" data-id=\"86dc950\" data-element_type=\"column\" data-e-type=\"column\">\n\t\t\t<div class=\"elementor-widget-wrap elementor-element-populated\">\n\t\t\t\t\t\t<div class=\"elementor-element elementor-element-558058d underline-text elementor-icon-list--layout-traditional elementor-list-item-link-full_width elementor-widget elementor-widget-icon-list\" data-id=\"558058d\" data-element_type=\"widget\" data-e-type=\"widget\" data-widget_type=\"icon-list.default\">\n\t\t\t\t<div class=\"elementor-widget-container\">\n\t\t\t\t\t\t\t<ul class=\"elementor-icon-list-items\">\n\t\t\t\t\t\t\t<li class=\"elementor-icon-list-item\">\n\t\t\t\t\t\t\t\t\t\t\t<span class=\"elementor-icon-list-icon\">\n\t\t\t\t\t\t\t<i aria-hidden=\"true\" class=\"fas fa-chevron-right\"><\/i>\t\t\t\t\t\t<\/span>\n\t\t\t\t\t\t\t\t\t\t<span class=\"elementor-icon-list-text\"><font color=\"#333\">Bonn Bad-Godesberg railway station \/ Rheinallee (underground (U-Bahn) 16, 63, 67 and bus services 610, 611, 612, 614, 615, 637, 820, 852, 855, 856, 857)<\/font><\/span>\n\t\t\t\t\t\t\t\t\t<\/li>\n\t\t\t\t\t\t\t\t<li class=\"elementor-icon-list-item\">\n\t\t\t\t\t\t\t\t\t\t\t<span class=\"elementor-icon-list-icon\">\n\t\t\t\t\t\t\t<i aria-hidden=\"true\" class=\"fas fa-chevron-right\"><\/i>\t\t\t\t\t\t<\/span>\n\t\t\t\t\t\t\t\t\t\t<span class=\"elementor-icon-list-text\"><font color=\"#333\">Bonn Bad-Godesberg railway station<\/font><\/span>\n\t\t\t\t\t\t\t\t\t<\/li>\n\t\t\t\t\t\t\t\t<li class=\"elementor-icon-list-item\">\n\t\t\t\t\t\t\t\t\t\t\t<span class=\"elementor-icon-list-icon\">\n\t\t\t\t\t\t\t<i aria-hidden=\"true\" class=\"fas fa-chevron-right\"><\/i>\t\t\t\t\t\t<\/span>\n\t\t\t\t\t\t\t\t\t\t<span class=\"elementor-icon-list-text\"><font color=\"#333\">R\u00f6merplatz (bus routes 613, 615)<\/font><\/span>\n\t\t\t\t\t\t\t\t\t<\/li>\n\t\t\t\t\t\t<\/ul>\n\t\t\t\t\t\t<\/div>\n\t\t\t\t<\/div>\n\t\t\t\t<div class=\"elementor-element elementor-element-344ac89 elementor-widget elementor-widget-text-editor\" data-id=\"344ac89\" data-element_type=\"widget\" data-e-type=\"widget\" data-widget_type=\"text-editor.default\">\n\t\t\t\t<div class=\"elementor-widget-container\">\n\t\t\t\t\t\t\t\t\t<p>You can plan your journey by public transport online at the\u00a0<a title=\"VRS - Verkehrsverbund (transport association) Bonn-Rhein-Sieg\" href=\"http:\/\/www.vrsinfo.de\/\" target=\"_blank\" rel=\"noopener\"><strong>VRS<\/strong><\/a><\/p>\t\t\t\t\t\t\t\t<\/div>\n\t\t\t\t<\/div>\n\t\t\t\t\t<\/div>\n\t\t<\/div>\n\t\t\t\t\t<\/div>\n\t\t<\/section>\n\t\t\t\t<\/div>\n\t\t","protected":false},"excerpt":{"rendered":"<p>How to get to our orthopaedic practice How to find us DR R\u00d6MER \u2013 Praxis f\u00fcr Orthop\u00e4die und Sportmedizin Die Praxis liegt ebenerdig und barrierefrei im ruhigen Villenviertel von Bonn \u2013 Bad Godesberg. Dr. med. J\u00fcrgen R\u00f6merFacharzt f\u00fcr Orthop\u00e4die \u2013 Diplom-Sportlehrer Karl-Finkelnburg-Stra\u00dfe 1953173 Bonn \u2013 R\u00fcngsdorf Tel 0228 . 352523Fax 0228 . 3680218 praxis@orthopaede-roemer.dewww.orthopaede-roemer.de Arriving [&hellip;]<\/p>\n","protected":false},"author":1,"featured_media":0,"parent":0,"menu_order":0,"comment_status":"closed","ping_status":"closed","template":"","meta":{"inline_featured_image":false,"footnotes":""},"class_list":["post-1584","page","type-page","status-publish","hentry"],"yoast_head":"<!-- This site is optimized with the Yoast SEO plugin v27.3 - https:\/\/yoast.com\/product\/yoast-seo-wordpress\/ -->\n<title>Getting here - Dr. R\u00f6mer Orthop\u00e4de - Diplom-Sportlehrer in Bonn<\/title>\n<meta name=\"robots\" content=\"index, follow, max-snippet:-1, max-image-preview:large, max-video-preview:-1\" \/>\n<link rel=\"canonical\" href=\"https:\/\/www.orthopaede-roemer.de\/en\/getting-here\/\" \/>\n<meta property=\"og:locale\" content=\"en_US\" \/>\n<meta property=\"og:type\" content=\"article\" \/>\n<meta property=\"og:title\" content=\"Getting here - Dr. R\u00f6mer Orthop\u00e4de - Diplom-Sportlehrer in Bonn\" \/>\n<meta property=\"og:description\" content=\"How to get to our orthopaedic practice How to find us DR R\u00d6MER \u2013 Praxis f\u00fcr Orthop\u00e4die und Sportmedizin Die Praxis liegt ebenerdig und barrierefrei im ruhigen Villenviertel von Bonn \u2013 Bad Godesberg. Dr. med. J\u00fcrgen R\u00f6merFacharzt f\u00fcr Orthop\u00e4die \u2013 Diplom-Sportlehrer Karl-Finkelnburg-Stra\u00dfe 1953173 Bonn \u2013 R\u00fcngsdorf Tel 0228 . 352523Fax 0228 . 3680218 praxis@orthopaede-roemer.dewww.orthopaede-roemer.de Arriving [&hellip;]\" \/>\n<meta property=\"og:url\" content=\"https:\/\/www.orthopaede-roemer.de\/en\/getting-here\/\" \/>\n<meta property=\"og:site_name\" content=\"Dr. R\u00f6mer Orthop\u00e4de - Diplom-Sportlehrer in Bonn\" \/>\n<meta property=\"article:modified_time\" content=\"2022-03-18T09:22:42+00:00\" \/>\n<meta property=\"og:image\" content=\"https:\/\/www.orthopaede-roemer.de\/wp-content\/uploads\/2022\/03\/dr_roemer_qrcode.jpg\" \/>\n<meta name=\"twitter:card\" content=\"summary_large_image\" \/>\n<meta name=\"twitter:label1\" content=\"Est. reading time\" \/>\n\t<meta name=\"twitter:data1\" content=\"1 minute\" \/>\n<script type=\"application\/ld+json\" class=\"yoast-schema-graph\">{\"@context\":\"https:\\\/\\\/schema.org\",\"@graph\":[{\"@type\":\"WebPage\",\"@id\":\"https:\\\/\\\/www.orthopaede-roemer.de\\\/en\\\/getting-here\\\/\",\"url\":\"https:\\\/\\\/www.orthopaede-roemer.de\\\/en\\\/getting-here\\\/\",\"name\":\"Getting here - Dr. R\u00f6mer Orthop\u00e4de - Diplom-Sportlehrer in Bonn\",\"isPartOf\":{\"@id\":\"https:\\\/\\\/www.orthopaede-roemer.de\\\/#website\"},\"primaryImageOfPage\":{\"@id\":\"https:\\\/\\\/www.orthopaede-roemer.de\\\/en\\\/getting-here\\\/#primaryimage\"},\"image\":{\"@id\":\"https:\\\/\\\/www.orthopaede-roemer.de\\\/en\\\/getting-here\\\/#primaryimage\"},\"thumbnailUrl\":\"https:\\\/\\\/www.orthopaede-roemer.de\\\/wp-content\\\/uploads\\\/2022\\\/03\\\/dr_roemer_qrcode.jpg\",\"datePublished\":\"2022-03-18T09:16:27+00:00\",\"dateModified\":\"2022-03-18T09:22:42+00:00\",\"breadcrumb\":{\"@id\":\"https:\\\/\\\/www.orthopaede-roemer.de\\\/en\\\/getting-here\\\/#breadcrumb\"},\"inLanguage\":\"en-US\",\"potentialAction\":[{\"@type\":\"ReadAction\",\"target\":[\"https:\\\/\\\/www.orthopaede-roemer.de\\\/en\\\/getting-here\\\/\"]}]},{\"@type\":\"ImageObject\",\"inLanguage\":\"en-US\",\"@id\":\"https:\\\/\\\/www.orthopaede-roemer.de\\\/en\\\/getting-here\\\/#primaryimage\",\"url\":\"https:\\\/\\\/www.orthopaede-roemer.de\\\/wp-content\\\/uploads\\\/2022\\\/03\\\/dr_roemer_qrcode.jpg\",\"contentUrl\":\"https:\\\/\\\/www.orthopaede-roemer.de\\\/wp-content\\\/uploads\\\/2022\\\/03\\\/dr_roemer_qrcode.jpg\"},{\"@type\":\"BreadcrumbList\",\"@id\":\"https:\\\/\\\/www.orthopaede-roemer.de\\\/en\\\/getting-here\\\/#breadcrumb\",\"itemListElement\":[{\"@type\":\"ListItem\",\"position\":1,\"name\":\"\",\"item\":\"https:\\\/\\\/www.orthopaede-roemer.de\\\/en\\\/\"},{\"@type\":\"ListItem\",\"position\":2,\"name\":\"Getting here\"}]},{\"@type\":\"WebSite\",\"@id\":\"https:\\\/\\\/www.orthopaede-roemer.de\\\/#website\",\"url\":\"https:\\\/\\\/www.orthopaede-roemer.de\\\/\",\"name\":\"Dr. R\u00f6mer Orthop\u00e4de - Diplom-Sportlehrer in Bonn\",\"description\":\"\",\"publisher\":{\"@id\":\"https:\\\/\\\/www.orthopaede-roemer.de\\\/#organization\"},\"potentialAction\":[{\"@type\":\"SearchAction\",\"target\":{\"@type\":\"EntryPoint\",\"urlTemplate\":\"https:\\\/\\\/www.orthopaede-roemer.de\\\/?s={search_term_string}\"},\"query-input\":{\"@type\":\"PropertyValueSpecification\",\"valueRequired\":true,\"valueName\":\"search_term_string\"}}],\"inLanguage\":\"en-US\"},{\"@type\":\"Organization\",\"@id\":\"https:\\\/\\\/www.orthopaede-roemer.de\\\/#organization\",\"name\":\"Dr. R\u00f6mer Orthop\u00e4de - Diplom-Sportlehrer in Bonn\",\"url\":\"https:\\\/\\\/www.orthopaede-roemer.de\\\/\",\"logo\":{\"@type\":\"ImageObject\",\"inLanguage\":\"en-US\",\"@id\":\"https:\\\/\\\/www.orthopaede-roemer.de\\\/#\\\/schema\\\/logo\\\/image\\\/\",\"url\":\"https:\\\/\\\/www.orthopaede-roemer.de\\\/wp-content\\\/uploads\\\/2022\\\/02\\\/300-logo-dr-roemer.svg\",\"contentUrl\":\"https:\\\/\\\/www.orthopaede-roemer.de\\\/wp-content\\\/uploads\\\/2022\\\/02\\\/300-logo-dr-roemer.svg\",\"caption\":\"Dr. R\u00f6mer Orthop\u00e4de - Diplom-Sportlehrer in Bonn\"},\"image\":{\"@id\":\"https:\\\/\\\/www.orthopaede-roemer.de\\\/#\\\/schema\\\/logo\\\/image\\\/\"}}]}<\/script>\n<!-- \/ Yoast SEO plugin. -->","yoast_head_json":{"title":"Getting here - Dr. R\u00f6mer Orthop\u00e4de - Diplom-Sportlehrer in Bonn","robots":{"index":"index","follow":"follow","max-snippet":"max-snippet:-1","max-image-preview":"max-image-preview:large","max-video-preview":"max-video-preview:-1"},"canonical":"https:\/\/www.orthopaede-roemer.de\/en\/getting-here\/","og_locale":"en_US","og_type":"article","og_title":"Getting here - Dr. R\u00f6mer Orthop\u00e4de - Diplom-Sportlehrer in Bonn","og_description":"How to get to our orthopaedic practice How to find us DR R\u00d6MER \u2013 Praxis f\u00fcr Orthop\u00e4die und Sportmedizin Die Praxis liegt ebenerdig und barrierefrei im ruhigen Villenviertel von Bonn \u2013 Bad Godesberg. Dr. med. J\u00fcrgen R\u00f6merFacharzt f\u00fcr Orthop\u00e4die \u2013 Diplom-Sportlehrer Karl-Finkelnburg-Stra\u00dfe 1953173 Bonn \u2013 R\u00fcngsdorf Tel 0228 . 352523Fax 0228 . 3680218 praxis@orthopaede-roemer.dewww.orthopaede-roemer.de Arriving [&hellip;]","og_url":"https:\/\/www.orthopaede-roemer.de\/en\/getting-here\/","og_site_name":"Dr. R\u00f6mer Orthop\u00e4de - Diplom-Sportlehrer in Bonn","article_modified_time":"2022-03-18T09:22:42+00:00","og_image":[{"url":"https:\/\/www.orthopaede-roemer.de\/wp-content\/uploads\/2022\/03\/dr_roemer_qrcode.jpg","type":"","width":"","height":""}],"twitter_card":"summary_large_image","twitter_misc":{"Est. reading time":"1 minute"},"schema":{"@context":"https:\/\/schema.org","@graph":[{"@type":"WebPage","@id":"https:\/\/www.orthopaede-roemer.de\/en\/getting-here\/","url":"https:\/\/www.orthopaede-roemer.de\/en\/getting-here\/","name":"Getting here - Dr. R\u00f6mer Orthop\u00e4de - Diplom-Sportlehrer in Bonn","isPartOf":{"@id":"https:\/\/www.orthopaede-roemer.de\/#website"},"primaryImageOfPage":{"@id":"https:\/\/www.orthopaede-roemer.de\/en\/getting-here\/#primaryimage"},"image":{"@id":"https:\/\/www.orthopaede-roemer.de\/en\/getting-here\/#primaryimage"},"thumbnailUrl":"https:\/\/www.orthopaede-roemer.de\/wp-content\/uploads\/2022\/03\/dr_roemer_qrcode.jpg","datePublished":"2022-03-18T09:16:27+00:00","dateModified":"2022-03-18T09:22:42+00:00","breadcrumb":{"@id":"https:\/\/www.orthopaede-roemer.de\/en\/getting-here\/#breadcrumb"},"inLanguage":"en-US","potentialAction":[{"@type":"ReadAction","target":["https:\/\/www.orthopaede-roemer.de\/en\/getting-here\/"]}]},{"@type":"ImageObject","inLanguage":"en-US","@id":"https:\/\/www.orthopaede-roemer.de\/en\/getting-here\/#primaryimage","url":"https:\/\/www.orthopaede-roemer.de\/wp-content\/uploads\/2022\/03\/dr_roemer_qrcode.jpg","contentUrl":"https:\/\/www.orthopaede-roemer.de\/wp-content\/uploads\/2022\/03\/dr_roemer_qrcode.jpg"},{"@type":"BreadcrumbList","@id":"https:\/\/www.orthopaede-roemer.de\/en\/getting-here\/#breadcrumb","itemListElement":[{"@type":"ListItem","position":1,"name":"","item":"https:\/\/www.orthopaede-roemer.de\/en\/"},{"@type":"ListItem","position":2,"name":"Getting here"}]},{"@type":"WebSite","@id":"https:\/\/www.orthopaede-roemer.de\/#website","url":"https:\/\/www.orthopaede-roemer.de\/","name":"Dr. R\u00f6mer Orthop\u00e4de - Diplom-Sportlehrer in Bonn","description":"","publisher":{"@id":"https:\/\/www.orthopaede-roemer.de\/#organization"},"potentialAction":[{"@type":"SearchAction","target":{"@type":"EntryPoint","urlTemplate":"https:\/\/www.orthopaede-roemer.de\/?s={search_term_string}"},"query-input":{"@type":"PropertyValueSpecification","valueRequired":true,"valueName":"search_term_string"}}],"inLanguage":"en-US"},{"@type":"Organization","@id":"https:\/\/www.orthopaede-roemer.de\/#organization","name":"Dr. R\u00f6mer Orthop\u00e4de - Diplom-Sportlehrer in Bonn","url":"https:\/\/www.orthopaede-roemer.de\/","logo":{"@type":"ImageObject","inLanguage":"en-US","@id":"https:\/\/www.orthopaede-roemer.de\/#\/schema\/logo\/image\/","url":"https:\/\/www.orthopaede-roemer.de\/wp-content\/uploads\/2022\/02\/300-logo-dr-roemer.svg","contentUrl":"https:\/\/www.orthopaede-roemer.de\/wp-content\/uploads\/2022\/02\/300-logo-dr-roemer.svg","caption":"Dr. R\u00f6mer Orthop\u00e4de - Diplom-Sportlehrer in Bonn"},"image":{"@id":"https:\/\/www.orthopaede-roemer.de\/#\/schema\/logo\/image\/"}}]}},"_links":{"self":[{"href":"https:\/\/www.orthopaede-roemer.de\/en\/wp-json\/wp\/v2\/pages\/1584","targetHints":{"allow":["GET"]}}],"collection":[{"href":"https:\/\/www.orthopaede-roemer.de\/en\/wp-json\/wp\/v2\/pages"}],"about":[{"href":"https:\/\/www.orthopaede-roemer.de\/en\/wp-json\/wp\/v2\/types\/page"}],"author":[{"embeddable":true,"href":"https:\/\/www.orthopaede-roemer.de\/en\/wp-json\/wp\/v2\/users\/1"}],"replies":[{"embeddable":true,"href":"https:\/\/www.orthopaede-roemer.de\/en\/wp-json\/wp\/v2\/comments?post=1584"}],"version-history":[{"count":10,"href":"https:\/\/www.orthopaede-roemer.de\/en\/wp-json\/wp\/v2\/pages\/1584\/revisions"}],"predecessor-version":[{"id":1596,"href":"https:\/\/www.orthopaede-roemer.de\/en\/wp-json\/wp\/v2\/pages\/1584\/revisions\/1596"}],"wp:attachment":[{"href":"https:\/\/www.orthopaede-roemer.de\/en\/wp-json\/wp\/v2\/media?parent=1584"}],"curies":[{"name":"wp","href":"https:\/\/api.w.org\/{rel}","templated":true}]}}